{"id":54,"date":"2017-12-04T14:54:47","date_gmt":"2017-12-04T14:54:47","guid":{"rendered":"http:\/\/wp.getraenke-lachenmaier.de\/?page_id=54"},"modified":"2023-03-15T16:52:18","modified_gmt":"2023-03-15T16:52:18","slug":"hermes-paketshop","status":"publish","type":"page","link":"https:\/\/getraenke-lachenmaier.de\/?page_id=54","title":{"rendered":"Hermes Paketshop"},"content":{"rendered":"<p>Als weiteres Service-High-Light finden Sie&nbsp;in unserem Getr\u00e4nkeabholmarkt den Hermes PaketShop.<\/p>\n<p><img decoding=\"async\" loading=\"lazy\" src=\"https:\/\/getraenke-lachenmaier.de\/gfx\/user\/Hermes_Logo0377466001316511929.jpg\" alt=\"\" width=\"110\" height=\"95\"><\/p>\n<p>Nutzen Sie diesen bequemen Service und geben Sie einfach Ihre Pakete in unserem Hermes-Paketshop ab.<\/p>\n<p>Der Hermes-Paketservice stellt Ihre Pakete zuverl\u00e4ssig, sicher und kosteng\u00fcnstig&nbsp;f\u00fcr Sie zu.<\/p>\n","protected":false},"excerpt":{"rendered":"<p>Als weiteres Service-High-Light finden Sie&nbsp;in unserem Getr\u00e4nkeabholmarkt den Hermes PaketShop. Nutzen Sie diesen bequemen Service und geben Sie einfach Ihre Pakete in unserem Hermes-Paketshop ab. Der Hermes-Paketservice stellt Ihre Pakete zuverl\u00e4ssig, sicher und kosteng\u00fcnstig&nbsp;f\u00fcr Sie zu.<\/p>\n","protected":false},"author":1,"featured_media":0,"parent":0,"menu_order":0,"comment_status":"closed","ping_status":"closed","template":"","meta":[],"_links":{"self":[{"href":"https:\/\/getraenke-lachenmaier.de\/index.php?rest_route=\/wp\/v2\/pages\/54"}],"collection":[{"href":"https:\/\/getraenke-lachenmaier.de\/index.php?rest_route=\/wp\/v2\/pages"}],"about":[{"href":"https:\/\/getraenke-lachenmaier.de\/index.php?rest_route=\/wp\/v2\/types\/page"}],"author":[{"embeddable":true,"href":"https:\/\/getraenke-lachenmaier.de\/index.php?rest_route=\/wp\/v2\/users\/1"}],"replies":[{"embeddable":true,"href":"https:\/\/getraenke-lachenmaier.de\/index.php?rest_route=%2Fwp%2Fv2%2Fcomments&post=54"}],"version-history":[{"count":3,"href":"https:\/\/getraenke-lachenmaier.de\/index.php?rest_route=\/wp\/v2\/pages\/54\/revisions"}],"predecessor-version":[{"id":319,"href":"https:\/\/getraenke-lachenmaier.de\/index.php?rest_route=\/wp\/v2\/pages\/54\/revisions\/319"}],"wp:attachment":[{"href":"https:\/\/getraenke-lachenmaier.de\/index.php?rest_route=%2Fwp%2Fv2%2Fmedia&parent=54"}],"curies":[{"name":"wp","href":"https:\/\/api.w.org\/{rel}","templated":true}]}}