{"id":50,"date":"2017-12-04T14:54:47","date_gmt":"2017-12-04T14:54:47","guid":{"rendered":"http:\/\/wp.getraenke-lachenmaier.de\/?page_id=50"},"modified":"2017-12-04T15:37:35","modified_gmt":"2017-12-04T15:37:35","slug":"abholmarkt","status":"publish","type":"page","link":"https:\/\/getraenke-lachenmaier.de\/?page_id=50","title":{"rendered":"Abholmarkt"},"content":{"rendered":"<p>Als <strong>&#8222;Ihr Getr\u00e4nkespezialist&#8220;<\/strong> verf\u00fcgen wir in unserem Getr\u00e4nkeabholmarkt \u00fcber ein gro\u00dfes Getr\u00e4nkesortiment.<\/p>\n<p>Besuchen Sie uns und erleben Sie die Vielfalt unseres Angebots und lassen Sie sich von unserem kompetenten TEAM bei der Auswahl\u00a0beraten.<\/p>\n<p>Sie\u00a0finden in unserem Getr\u00e4nkeabholmarkt:<\/p>\n<ul>\n<li><strong>Wasser<\/strong><\/li>\n<li><strong>S\u00e4fte<\/strong><\/li>\n<li><strong>Limonaden<\/strong><\/li>\n<li><strong>Bier \/\u00a0Fassbier<\/strong><\/li>\n<li><strong>Wein<\/strong><\/li>\n<li><strong>Sekt \/ Champagner<\/strong><\/li>\n<li><strong>Spirituosen<\/strong><\/li>\n<\/ul>\n<p>&#8230;.<\/p>\n<p><strong>Sie haben Fragen zu unseren Service-Leistungen und zu unserem Liefersortiment?<\/strong><\/p>\n<p><strong>Rufen Sie uns an: 0711-45 41 41<\/strong><\/p>\n","protected":false},"excerpt":{"rendered":"<p>Als &#8222;Ihr Getr\u00e4nkespezialist&#8220; verf\u00fcgen wir in unserem Getr\u00e4nkeabholmarkt \u00fcber ein gro\u00dfes Getr\u00e4nkesortiment. Besuchen Sie uns und erleben Sie die Vielfalt unseres Angebots und lassen Sie sich von unserem kompetenten TEAM bei der Auswahl\u00a0beraten. Sie\u00a0finden in unserem Getr\u00e4nkeabholmarkt: Wasser S\u00e4fte Limonaden &hellip; <a href=\"https:\/\/getraenke-lachenmaier.de\/?page_id=50\">Weiterlesen <span class=\"meta-nav\">&rarr;<\/span><\/a><\/p>\n","protected":false},"author":1,"featured_media":0,"parent":0,"menu_order":0,"comment_status":"closed","ping_status":"closed","template":"","meta":[],"_links":{"self":[{"href":"https:\/\/getraenke-lachenmaier.de\/index.php?rest_route=\/wp\/v2\/pages\/50"}],"collection":[{"href":"https:\/\/getraenke-lachenmaier.de\/index.php?rest_route=\/wp\/v2\/pages"}],"about":[{"href":"https:\/\/getraenke-lachenmaier.de\/index.php?rest_route=\/wp\/v2\/types\/page"}],"author":[{"embeddable":true,"href":"https:\/\/getraenke-lachenmaier.de\/index.php?rest_route=\/wp\/v2\/users\/1"}],"replies":[{"embeddable":true,"href":"https:\/\/getraenke-lachenmaier.de\/index.php?rest_route=%2Fwp%2Fv2%2Fcomments&post=50"}],"version-history":[{"count":2,"href":"https:\/\/getraenke-lachenmaier.de\/index.php?rest_route=\/wp\/v2\/pages\/50\/revisions"}],"predecessor-version":[{"id":112,"href":"https:\/\/getraenke-lachenmaier.de\/index.php?rest_route=\/wp\/v2\/pages\/50\/revisions\/112"}],"wp:attachment":[{"href":"https:\/\/getraenke-lachenmaier.de\/index.php?rest_route=%2Fwp%2Fv2%2Fmedia&parent=50"}],"curies":[{"name":"wp","href":"https:\/\/api.w.org\/{rel}","templated":true}]}}