{"id":49,"date":"2017-12-04T14:54:46","date_gmt":"2017-12-04T14:54:46","guid":{"rendered":"http:\/\/wp.getraenke-lachenmaier.de\/?page_id=49"},"modified":"2023-03-15T16:54:39","modified_gmt":"2023-03-15T16:54:39","slug":"privatkunden","status":"publish","type":"page","link":"https:\/\/getraenke-lachenmaier.de\/?page_id=49","title":{"rendered":"Privatkunden"},"content":{"rendered":"<p>Als <strong>&#8222;Ihr Getr\u00e4nkespezialist&#8220;<\/strong> beliefern wir Sie mit Ihren Wunschgetr\u00e4nken, bequem und zuverl\u00e4ssig.<\/p>\n<p><u><strong>Bestellung<\/strong><\/u><br \/>\nBestellen Sie bequem per Email, Telefon oder Telefax<\/p>\n<p><u><strong>Lieferung<br \/>\n<\/strong><\/u>Wir liefern generell in alle Etagen.<br \/>\nAufschl\u00e4ge richten sich ggf. nach besonderen Anforderungen.<\/p>\n<p><u><strong>Bezahlung<\/strong><br \/>\n<\/u>Sie haben die Wahl &#8211; Bezahlen Sie bar bei Lieferung oder einfach und bequem per Lastschrift<\/p>\n<p><u><strong>Leergut<\/strong><\/u><br \/>\nSelbstverst\u00e4ndlich nehmen wir Ihr Leergut bei der Lieferung neuer Getr\u00e4nke mit und verrechnen es.<br \/>\n<strong>Sie planen ein Fest oder eine Party ?<br \/>\nSie brauchen daf\u00fcr das passende Equipment?<\/strong><br \/>\nKein Problem, einen Auszug aus unserem Angebot an Festbetrieb-Equipment finden Sie unter: <a href=\"https:\/\/wp.getraenke-lachenmaier.de\/?page_id=53\">Angebote Festbetrieb<\/a><\/p>\n<p><strong>Sie haben Fragen zu unseren Service-Leistungen und zu unserem Liefersortiment?<\/strong><\/p>\n<p><strong>Rufen Sie uns an: 0711-45 41 41<\/strong><\/p>\n","protected":false},"excerpt":{"rendered":"<p>Als &#8222;Ihr Getr\u00e4nkespezialist&#8220; beliefern wir Sie mit Ihren Wunschgetr\u00e4nken, bequem und zuverl\u00e4ssig. Bestellung Bestellen Sie bequem per Email, Telefon oder Telefax Lieferung Wir liefern generell in alle Etagen. Aufschl\u00e4ge richten sich ggf. nach besonderen Anforderungen. Bezahlung Sie haben die Wahl &hellip; <a href=\"https:\/\/getraenke-lachenmaier.de\/?page_id=49\">Weiterlesen <span class=\"meta-nav\">&rarr;<\/span><\/a><\/p>\n","protected":false},"author":1,"featured_media":0,"parent":0,"menu_order":0,"comment_status":"closed","ping_status":"closed","template":"","meta":[],"_links":{"self":[{"href":"https:\/\/getraenke-lachenmaier.de\/index.php?rest_route=\/wp\/v2\/pages\/49"}],"collection":[{"href":"https:\/\/getraenke-lachenmaier.de\/index.php?rest_route=\/wp\/v2\/pages"}],"about":[{"href":"https:\/\/getraenke-lachenmaier.de\/index.php?rest_route=\/wp\/v2\/types\/page"}],"author":[{"embeddable":true,"href":"https:\/\/getraenke-lachenmaier.de\/index.php?rest_route=\/wp\/v2\/users\/1"}],"replies":[{"embeddable":true,"href":"https:\/\/getraenke-lachenmaier.de\/index.php?rest_route=%2Fwp%2Fv2%2Fcomments&post=49"}],"version-history":[{"count":5,"href":"https:\/\/getraenke-lachenmaier.de\/index.php?rest_route=\/wp\/v2\/pages\/49\/revisions"}],"predecessor-version":[{"id":321,"href":"https:\/\/getraenke-lachenmaier.de\/index.php?rest_route=\/wp\/v2\/pages\/49\/revisions\/321"}],"wp:attachment":[{"href":"https:\/\/getraenke-lachenmaier.de\/index.php?rest_route=%2Fwp%2Fv2%2Fmedia&parent=49"}],"curies":[{"name":"wp","href":"https:\/\/api.w.org\/{rel}","templated":true}]}}