{"id":48,"date":"2017-12-04T14:54:46","date_gmt":"2017-12-04T14:54:46","guid":{"rendered":"http:\/\/wp.getraenke-lachenmaier.de\/?page_id=48"},"modified":"2017-12-04T15:40:43","modified_gmt":"2017-12-04T15:40:43","slug":"gewerbekunden","status":"publish","type":"page","link":"https:\/\/getraenke-lachenmaier.de\/?page_id=48","title":{"rendered":"Gewerbekunden"},"content":{"rendered":"<p>Als <strong>&#8222;Ihr Getr\u00e4nkespezialist&#8220;<\/strong> sind wir Ihr Partner f\u00fcr die Belieferung von:<\/p>\n<ul>\n<li><strong>Gastronomiebetrieben<\/strong><\/li>\n<li><strong>Messe Stuttgart<\/strong><\/li>\n<li><strong>Firmen<\/strong><\/li>\n<li><strong>Kantinen<\/strong><\/li>\n<li><strong>Beh\u00f6rden<\/strong><\/li>\n<\/ul>\n<p>Wir liefern nicht einfach nur Getr\u00e4nke &#8211; Wir liefern einen umfassenden\u00a0Service:<\/p>\n<ul>\n<li><strong>Wir entwickeln mit unseren Gastronomie-Kunden eine optimale Getr\u00e4nkelogistik<\/strong><\/li>\n<li><strong>Wir beraten unsere Kunden bei der Zusammenstellung\u00a0Ihres Getr\u00e4nkeangebotes<\/strong><\/li>\n<li><strong>Als Full-Service-Anbieter planen wir mit unseren Kunden die Organisation und Versorgung bei Feiern und Festen<\/strong><\/li>\n<li><strong>Wir liefern neben den Getr\u00e4nken auch das Equipment f\u00fcr Ihre Feier oder Ihr geplantes Fest, p\u00fcnktlich und zuverl\u00e4ssig.<\/strong><\/li>\n<\/ul>\n<p><strong>Sie haben Fragen zu unseren Service-Leistungen und zu unserem Liefersortiment?<\/strong><\/p>\n<p><strong>Rufen Sie uns an: 0711-45 41 41<\/strong><\/p>\n","protected":false},"excerpt":{"rendered":"<p>Als &#8222;Ihr Getr\u00e4nkespezialist&#8220; sind wir Ihr Partner f\u00fcr die Belieferung von: Gastronomiebetrieben Messe Stuttgart Firmen Kantinen Beh\u00f6rden Wir liefern nicht einfach nur Getr\u00e4nke &#8211; Wir liefern einen umfassenden\u00a0Service: Wir entwickeln mit unseren Gastronomie-Kunden eine optimale Getr\u00e4nkelogistik Wir beraten unsere Kunden &hellip; <a href=\"https:\/\/getraenke-lachenmaier.de\/?page_id=48\">Weiterlesen <span class=\"meta-nav\">&rarr;<\/span><\/a><\/p>\n","protected":false},"author":1,"featured_media":0,"parent":0,"menu_order":0,"comment_status":"closed","ping_status":"closed","template":"","meta":[],"_links":{"self":[{"href":"https:\/\/getraenke-lachenmaier.de\/index.php?rest_route=\/wp\/v2\/pages\/48"}],"collection":[{"href":"https:\/\/getraenke-lachenmaier.de\/index.php?rest_route=\/wp\/v2\/pages"}],"about":[{"href":"https:\/\/getraenke-lachenmaier.de\/index.php?rest_route=\/wp\/v2\/types\/page"}],"author":[{"embeddable":true,"href":"https:\/\/getraenke-lachenmaier.de\/index.php?rest_route=\/wp\/v2\/users\/1"}],"replies":[{"embeddable":true,"href":"https:\/\/getraenke-lachenmaier.de\/index.php?rest_route=%2Fwp%2Fv2%2Fcomments&post=48"}],"version-history":[{"count":3,"href":"https:\/\/getraenke-lachenmaier.de\/index.php?rest_route=\/wp\/v2\/pages\/48\/revisions"}],"predecessor-version":[{"id":117,"href":"https:\/\/getraenke-lachenmaier.de\/index.php?rest_route=\/wp\/v2\/pages\/48\/revisions\/117"}],"wp:attachment":[{"href":"https:\/\/getraenke-lachenmaier.de\/index.php?rest_route=%2Fwp%2Fv2%2Fmedia&parent=48"}],"curies":[{"name":"wp","href":"https:\/\/api.w.org\/{rel}","templated":true}]}}