{"id":47,"date":"2017-12-04T14:54:46","date_gmt":"2017-12-04T14:54:46","guid":{"rendered":"http:\/\/wp.getraenke-lachenmaier.de\/?page_id=47"},"modified":"2017-12-04T15:43:59","modified_gmt":"2017-12-04T15:43:59","slug":"unser-team","status":"publish","type":"page","link":"https:\/\/getraenke-lachenmaier.de\/?page_id=47","title":{"rendered":"Unser Team"},"content":{"rendered":"<p><strong>Seit\u00a0\u00fcber 40 Jahren\u00a0steht der Name &#8222;Lachenmaier&#8220; f\u00fcr Service, Qualit\u00e4t, Flexibilit\u00e4t\u00a0und faire Preise.<\/strong><\/p>\n<p>Von Montags bis Freitags in der Zeit von 6.00 Uhr bis 19.00 Uhr und Samstags von 7.00 Uhr bis 16.00 Uhr steht Ihnen unser Team im Getr\u00e4nkeabholmarkt zur Verf\u00fcgung.<\/p>\n<p>Sie erreichen zu diesen Zeiten ebenfalls auch unser Team f\u00fcr gewerbliche-\/ und private Kunden.<\/p>\n<p>Unser flexibler Getr\u00e4nkelieferservice ist ebenfalls t\u00e4glich unterwegs um unsere Kunden mit Getr\u00e4nken zu versorgen oder um bestelltes Festbetrieb-Equipment direkt zum Veranstaltungsort zu transportieren.<\/p>\n<p>Bestellungen k\u00f6nnen auch jederzeit per Telefax oder Email an unser TEAM \u00fcbermittelt werden.<\/p>\n<p><strong>Sie haben Fragen zu unseren Service-Leistungen und zu unserem Liefersortiment?<\/strong><\/p>\n<p><strong>Rufen Sie uns an: 0711-45 41 41<\/strong><\/p>\n","protected":false},"excerpt":{"rendered":"<p>Seit\u00a0\u00fcber 40 Jahren\u00a0steht der Name &#8222;Lachenmaier&#8220; f\u00fcr Service, Qualit\u00e4t, Flexibilit\u00e4t\u00a0und faire Preise. Von Montags bis Freitags in der Zeit von 6.00 Uhr bis 19.00 Uhr und Samstags von 7.00 Uhr bis 16.00 Uhr steht Ihnen unser Team im Getr\u00e4nkeabholmarkt zur &hellip; <a href=\"https:\/\/getraenke-lachenmaier.de\/?page_id=47\">Weiterlesen <span class=\"meta-nav\">&rarr;<\/span><\/a><\/p>\n","protected":false},"author":1,"featured_media":0,"parent":0,"menu_order":0,"comment_status":"closed","ping_status":"closed","template":"","meta":[],"_links":{"self":[{"href":"https:\/\/getraenke-lachenmaier.de\/index.php?rest_route=\/wp\/v2\/pages\/47"}],"collection":[{"href":"https:\/\/getraenke-lachenmaier.de\/index.php?rest_route=\/wp\/v2\/pages"}],"about":[{"href":"https:\/\/getraenke-lachenmaier.de\/index.php?rest_route=\/wp\/v2\/types\/page"}],"author":[{"embeddable":true,"href":"https:\/\/getraenke-lachenmaier.de\/index.php?rest_route=\/wp\/v2\/users\/1"}],"replies":[{"embeddable":true,"href":"https:\/\/getraenke-lachenmaier.de\/index.php?rest_route=%2Fwp%2Fv2%2Fcomments&post=47"}],"version-history":[{"count":2,"href":"https:\/\/getraenke-lachenmaier.de\/index.php?rest_route=\/wp\/v2\/pages\/47\/revisions"}],"predecessor-version":[{"id":121,"href":"https:\/\/getraenke-lachenmaier.de\/index.php?rest_route=\/wp\/v2\/pages\/47\/revisions\/121"}],"wp:attachment":[{"href":"https:\/\/getraenke-lachenmaier.de\/index.php?rest_route=%2Fwp%2Fv2%2Fmedia&parent=47"}],"curies":[{"name":"wp","href":"https:\/\/api.w.org\/{rel}","templated":true}]}}