{"id":2,"date":"2016-05-10T03:48:21","date_gmt":"2016-05-10T03:48:21","guid":{"rendered":"http:\/\/wp.getraenke-lachenmaier.de\/?page_id=2"},"modified":"2023-03-15T16:55:37","modified_gmt":"2023-03-15T16:55:37","slug":"sample-page","status":"publish","type":"page","link":"https:\/\/getraenke-lachenmaier.de\/","title":{"rendered":"Willkommen"},"content":{"rendered":"<p><b>E<\/b><strong>in herzliches Willkommen auf unseren Internetseiten<\/strong>.<img decoding=\"async\" loading=\"lazy\" class=\" wp-image-289 alignright\" src=\"https:\/\/getraenke-lachenmaier.de\/wp-content\/uploads\/2017\/12\/gedig_logo.png\" alt=\"\" width=\"73\" height=\"72\" srcset=\"https:\/\/getraenke-lachenmaier.de\/wp-content\/uploads\/2017\/12\/gedig_logo.png 200w, https:\/\/getraenke-lachenmaier.de\/wp-content\/uploads\/2017\/12\/gedig_logo-150x150.png 150w\" sizes=\"(max-width: 73px) 100vw, 73px\" \/><\/p>\n<p>Als <strong>&#8222;Ihr Getr\u00e4nkespezialist&#8220;<\/strong> sind wir&nbsp;der Partner f\u00fcr die Gastronomie, Unternehmen, die Messe Stuttgart, Vereine&nbsp;und selbstverst\u00e4ndlich auch f\u00fcr unsere Privatkunden.<\/p>\n<p>Neben unserem Getr\u00e4nkeabholmarkt steht unseren gewerblichen und privaten Kunden auch&nbsp;unser Getr\u00e4nkelieferservice zur Verf\u00fcgung.<\/p>\n<p>Auf den nachfolgenden Seiten finden Sie alle Informationen \u00fcber unseren Betrieb, unseren Service und unser Produktsortiment.<\/p>\n<p><b>Ihr Lachenmaier-Team <\/b><\/p>\n","protected":false},"excerpt":{"rendered":"<p>Ein herzliches Willkommen auf unseren Internetseiten. Als &#8222;Ihr Getr\u00e4nkespezialist&#8220; sind wir&nbsp;der Partner f\u00fcr die Gastronomie, Unternehmen, die Messe Stuttgart, Vereine&nbsp;und selbstverst\u00e4ndlich auch f\u00fcr unsere Privatkunden. Neben unserem Getr\u00e4nkeabholmarkt steht unseren gewerblichen und privaten Kunden auch&nbsp;unser Getr\u00e4nkelieferservice zur Verf\u00fcgung. Auf den &hellip; <a href=\"https:\/\/getraenke-lachenmaier.de\/\">Weiterlesen <span class=\"meta-nav\">&rarr;<\/span><\/a><\/p>\n","protected":false},"author":1,"featured_media":0,"parent":0,"menu_order":0,"comment_status":"closed","ping_status":"open","template":"","meta":[],"_links":{"self":[{"href":"https:\/\/getraenke-lachenmaier.de\/index.php?rest_route=\/wp\/v2\/pages\/2"}],"collection":[{"href":"https:\/\/getraenke-lachenmaier.de\/index.php?rest_route=\/wp\/v2\/pages"}],"about":[{"href":"https:\/\/getraenke-lachenmaier.de\/index.php?rest_route=\/wp\/v2\/types\/page"}],"author":[{"embeddable":true,"href":"https:\/\/getraenke-lachenmaier.de\/index.php?rest_route=\/wp\/v2\/users\/1"}],"replies":[{"embeddable":true,"href":"https:\/\/getraenke-lachenmaier.de\/index.php?rest_route=%2Fwp%2Fv2%2Fcomments&post=2"}],"version-history":[{"count":10,"href":"https:\/\/getraenke-lachenmaier.de\/index.php?rest_route=\/wp\/v2\/pages\/2\/revisions"}],"predecessor-version":[{"id":323,"href":"https:\/\/getraenke-lachenmaier.de\/index.php?rest_route=\/wp\/v2\/pages\/2\/revisions\/323"}],"wp:attachment":[{"href":"https:\/\/getraenke-lachenmaier.de\/index.php?rest_route=%2Fwp%2Fv2%2Fmedia&parent=2"}],"curies":[{"name":"wp","href":"https:\/\/api.w.org\/{rel}","templated":true}]}}